{"id":97,"date":"2023-03-24T13:49:39","date_gmt":"2023-03-24T12:49:39","guid":{"rendered":"https:\/\/401.eckstein.ddev.site\/lawyers\/benjamin-zoells\/"},"modified":"2025-01-07T13:17:21","modified_gmt":"2025-01-07T12:17:21","slug":"benjamin-zoells","status":"publish","type":"page","link":"https:\/\/www.eckstein-kollegen.de\/en\/lawyers\/benjamin-zoells\/","title":{"rendered":"Benjamin Z\u00f6lls"},"content":{"rendered":"\n<div class=\"wp-block-columns is-layout-flex wp-container-core-columns-is-layout-9d6595d7 wp-block-columns-is-layout-flex\">\n<div class=\"wp-block-column is-layout-flow wp-block-column-is-layout-flow\" style=\"flex-basis:60%\">\n<div class=\"wp-block-bb-slideshow bb-swiper\"><div class=\"swiper\"><div class=\"swiper-wrapper\">\n<div class=\"wp-block-bb-slide swiper-slide\">\n<figure class=\"wp-block-image size-full\"><img decoding=\"async\" width=\"930\" height=\"1225\" src=\"https:\/\/www.eckstein-kollegen.de\/app\/uploads\/2023\/06\/Kanzlei-Eckstein-Kollegen-Benjamin-Zoells-1.jpg\" alt=\"\" class=\"wp-image-637\" srcset=\"https:\/\/www.eckstein-kollegen.de\/app\/uploads\/2023\/06\/Kanzlei-Eckstein-Kollegen-Benjamin-Zoells-1.jpg 930w, https:\/\/www.eckstein-kollegen.de\/app\/uploads\/2023\/06\/Kanzlei-Eckstein-Kollegen-Benjamin-Zoells-1-768x1012.jpg 768w\" sizes=\"(max-width: 930px) 100vw, 930px\" \/><\/figure>\n<\/div>\n\n\n\n<div class=\"wp-block-bb-slide swiper-slide\">\n<figure class=\"wp-block-image size-large\"><img decoding=\"async\" width=\"930\" height=\"1225\" src=\"https:\/\/www.eckstein-kollegen.de\/app\/uploads\/2023\/05\/Kanzlei-Eckstein-Kollegen-Benjamin-Zoells-3.jpg\" alt=\"\" class=\"wp-image-302\" srcset=\"https:\/\/www.eckstein-kollegen.de\/app\/uploads\/2023\/05\/Kanzlei-Eckstein-Kollegen-Benjamin-Zoells-3.jpg 930w, https:\/\/www.eckstein-kollegen.de\/app\/uploads\/2023\/05\/Kanzlei-Eckstein-Kollegen-Benjamin-Zoells-3-768x1012.jpg 768w\" sizes=\"(max-width: 930px) 100vw, 930px\" \/><\/figure>\n<\/div>\n\n\n\n<div class=\"wp-block-bb-slide swiper-slide\">\n<figure class=\"wp-block-image size-large\"><img decoding=\"async\" width=\"930\" height=\"1225\" src=\"https:\/\/www.eckstein-kollegen.de\/app\/uploads\/2023\/05\/Kanzlei-Eckstein-Kollegen-Benjamin-Zoells-2-1.jpg\" alt=\"\" class=\"wp-image-425\" srcset=\"https:\/\/www.eckstein-kollegen.de\/app\/uploads\/2023\/05\/Kanzlei-Eckstein-Kollegen-Benjamin-Zoells-2-1.jpg 930w, https:\/\/www.eckstein-kollegen.de\/app\/uploads\/2023\/05\/Kanzlei-Eckstein-Kollegen-Benjamin-Zoells-2-1-768x1012.jpg 768w\" sizes=\"(max-width: 930px) 100vw, 930px\" \/><\/figure>\n<\/div>\n<\/div><div class=\"swiper-pagination\"><\/div><\/div><\/div>\n<\/div>\n\n\n\n<div class=\"wp-block-column is-layout-flow wp-block-column-is-layout-flow\">\n<div class=\"wp-block-bb-header has-position-right\"><div class=\"wp-block-bb-header--inner\">\n<h2 class=\"wp-block-heading\">Benjamin Z\u00f6lls<\/h2>\n\n\n\n<p class=\"has-base-font-size\">Lawyer<br>Specialist lawyer for<br>criminal law<br>Salary Partner<\/p>\n<\/div><\/div>\n\n\n\n<div class=\"wp-block-group has-white-background-color has-background is-layout-constrained wp-block-group-is-layout-constrained\">\n<p>Benjamin Z\u00f6lls advises and defends companies and individuals in all areas of criminal law, especially commercial criminal law and criminal tax law.<\/p>\n\n\n\n<p>He has extensive forensic experience. His expertise also includes, in particular, advice on compliance management systems as well as on specific compliance measures from a criminal law perspective.<br><br>Benjamin Z\u00f6lls is also a T\u00dcV-certified data protection officer, and has several years&#8217; in-house experience as a compliance officer in the regulated financial sector.<\/p>\n\n\n\n<p><strong>Career<\/strong><\/p>\n\n\n\n<p>Benjamin Z\u00f6lls studied law with a focus on &#8220;Criminal Justice, Criminal Defence and Prevention&#8221; at the Ludwig-Maximilians-University in Munich, after which he completed his legal clerkship at the Higher Regional Court of Munich.<br>After his admission to the bar in 2012, he worked as a criminal defence lawyer at two renowned Munich law firms. Since 2017, Mr. Z\u00f6lls has been a specialist lawyer for criminal law.<\/p>\n\n\n\n<p>In 2018, he joined a Munich-based insurance company as an in-house lawyer and headed the Compliance and Data Protection staff until the end of 2022.<\/p>\n\n\n\n<p>Benjamin Z\u00f6lls has worked for Eckstein &amp; Kollegen since January 2023.<\/p>\n\n\n\n<p><strong>Consultation languages:<\/strong> German and English.<\/p>\n<\/div>\n<\/div>\n<\/div>\n\n\n\n<div class=\"wp-block-bb-toggle bb-toggle\"><input id=\"toggle-ed6305fd-f740-42e8-9b08-6ac24505dfe7xw7\" class=\"bb-toggle--checkbox\" type=\"checkbox\"\/><label for=\"toggle-ed6305fd-f740-42e8-9b08-6ac24505dfe7xw7\" class=\"bb-toggle--label\"><span class=\"bb-toggle--title\">Memberships<\/span><\/label><div class=\"bb-toggle--container\">\n<ul class=\"wp-block-list\">\n<li><a href=\"https:\/\/www.rak-muenchen.de\/\" target=\"_blank\" rel=\"noreferrer noopener\">Munich Bar Association<\/a><\/li>\n\n\n\n<li><a href=\"https:\/\/www.ag-strafrecht.de\/\" target=\"_blank\" rel=\"noreferrer noopener\">ARGE Criminal Law in the German Bar Association (DAV)<\/a><\/li>\n\n\n\n<li><a href=\"https:\/\/wistev.de\/\" target=\"_blank\" rel=\"noreferrer noopener\">Commercial Criminal Law Association<\/a><\/li>\n\n\n\n<li><a href=\"https:\/\/www.ag-strafrecht.de\/forum-just\/ueberblick\" target=\"_blank\" rel=\"noreferrer noopener\">Forum JUST<\/a><\/li>\n<\/ul>\n<\/div><\/div>\n\n\n\n<div class=\"wp-block-bb-toggle bb-toggle\"><input id=\"toggle-c2e4b33c-c966-43c1-b18d-13d292ed4a8ebvn\" class=\"bb-toggle--checkbox\" type=\"checkbox\"\/><label for=\"toggle-c2e4b33c-c966-43c1-b18d-13d292ed4a8ebvn\" class=\"bb-toggle--label\"><span class=\"bb-toggle--title\">Publications<\/span><\/label><div class=\"bb-toggle--container\">\n<ul class=\"wp-block-list\">\n<li><strong>2016<\/strong><br>ECJ: Use of the Financial System for the Purpose of Money Laundering, in IWRZ &#8211; Zeitschrift f\u00fcr Internationales Wirtschaftsstrafrecht, p.219 ff. (together with lawyer and specialist in criminal law Andreas von M\u00e1ri\u00e1ssy)<\/li>\n<\/ul>\n<\/div><\/div>\n\n\n\n<div class=\"wp-block-bb-toggle bb-toggle\"><input id=\"toggle-2c9b9866-e906-4bb0-b6e5-e48ae20019b9fbx\" class=\"bb-toggle--checkbox\" type=\"checkbox\"\/><label for=\"toggle-2c9b9866-e906-4bb0-b6e5-e48ae20019b9fbx\" class=\"bb-toggle--label\"><span class=\"bb-toggle--title\">Download vCard<\/span><\/label><div class=\"bb-toggle--container\">\n<p><a href=\"https:\/\/www.eckstein-kollegen.de\/app\/uploads\/2023\/06\/Rechtsanwalt-Benjamin-Zoells-Kanzlei-Eckstein-Kollegen.vcf\" target=\"_blank\" rel=\"noreferrer noopener\">Benjamin Z\u00f6lls<\/a><\/p>\n<\/div><\/div>\n","protected":false},"excerpt":{"rendered":"<p>Lawyer<br \/>\nSpecialist lawyer for criminal law<br \/>\nSalary Partner<\/p>\n","protected":false},"author":1,"featured_media":469,"parent":85,"menu_order":13,"comment_status":"closed","ping_status":"closed","template":"page-lawyer.blade.php","meta":{"footnotes":""},"class_list":["post-97","page","type-page","status-publish","has-post-thumbnail","hentry"],"acf":[],"_links":{"self":[{"href":"https:\/\/www.eckstein-kollegen.de\/en\/wp-json\/wp\/v2\/pages\/97","targetHints":{"allow":["GET"]}}],"collection":[{"href":"https:\/\/www.eckstein-kollegen.de\/en\/wp-json\/wp\/v2\/pages"}],"about":[{"href":"https:\/\/www.eckstein-kollegen.de\/en\/wp-json\/wp\/v2\/types\/page"}],"author":[{"embeddable":true,"href":"https:\/\/www.eckstein-kollegen.de\/en\/wp-json\/wp\/v2\/users\/1"}],"replies":[{"embeddable":true,"href":"https:\/\/www.eckstein-kollegen.de\/en\/wp-json\/wp\/v2\/comments?post=97"}],"version-history":[{"count":9,"href":"https:\/\/www.eckstein-kollegen.de\/en\/wp-json\/wp\/v2\/pages\/97\/revisions"}],"predecessor-version":[{"id":1378,"href":"https:\/\/www.eckstein-kollegen.de\/en\/wp-json\/wp\/v2\/pages\/97\/revisions\/1378"}],"up":[{"embeddable":true,"href":"https:\/\/www.eckstein-kollegen.de\/en\/wp-json\/wp\/v2\/pages\/85"}],"wp:featuredmedia":[{"embeddable":true,"href":"https:\/\/www.eckstein-kollegen.de\/en\/wp-json\/wp\/v2\/media\/469"}],"wp:attachment":[{"href":"https:\/\/www.eckstein-kollegen.de\/en\/wp-json\/wp\/v2\/media?parent=97"}],"curies":[{"name":"wp","href":"https:\/\/api.w.org\/{rel}","templated":true}]}}