{"id":1070,"date":"2023-03-22T09:05:16","date_gmt":"2023-03-22T08:05:16","guid":{"rendered":"https:\/\/www.eckstein-kollegen.de\/?page_id=1070"},"modified":"2024-10-30T12:17:48","modified_gmt":"2024-10-30T11:17:48","slug":"career","status":"publish","type":"page","link":"https:\/\/www.eckstein-kollegen.de\/en\/career\/","title":{"rendered":"Career"},"content":{"rendered":"\n<div class=\"wp-block-columns is-layout-flex wp-container-core-columns-is-layout-9d6595d7 wp-block-columns-is-layout-flex\">\n<div class=\"wp-block-column is-layout-flow wp-block-column-is-layout-flow\" style=\"flex-basis:50%\">\n<div class=\"wp-block-bb-slideshow bb-swiper\"><div class=\"swiper\"><div class=\"swiper-wrapper\">\n<div class=\"wp-block-bb-slide swiper-slide\">\n<figure class=\"wp-block-image size-full\"><img decoding=\"async\" width=\"930\" height=\"1083\" src=\"https:\/\/www.eckstein-kollegen.de\/app\/uploads\/2024\/10\/Kanzlei-Eckstein-Kollegen-Karriere-5.jpg\" alt=\"\" class=\"wp-image-1333\" srcset=\"https:\/\/www.eckstein-kollegen.de\/app\/uploads\/2024\/10\/Kanzlei-Eckstein-Kollegen-Karriere-5.jpg 930w, https:\/\/www.eckstein-kollegen.de\/app\/uploads\/2024\/10\/Kanzlei-Eckstein-Kollegen-Karriere-5-768x894.jpg 768w\" sizes=\"(max-width: 930px) 100vw, 930px\" \/><\/figure>\n<\/div>\n\n\n\n<div class=\"wp-block-bb-slide swiper-slide\">\n<figure class=\"wp-block-image size-full\"><img decoding=\"async\" width=\"930\" height=\"1083\" src=\"https:\/\/www.eckstein-kollegen.de\/app\/uploads\/2023\/06\/Kanzlei-Eckstein-Kollegen-Karriere-3.jpg\" alt=\"Ein Foto, dass den Gang vom Sekretariat bis hin zur K\u00fcche zeigt. \" class=\"wp-image-566\" srcset=\"https:\/\/www.eckstein-kollegen.de\/app\/uploads\/2023\/06\/Kanzlei-Eckstein-Kollegen-Karriere-3.jpg 930w, https:\/\/www.eckstein-kollegen.de\/app\/uploads\/2023\/06\/Kanzlei-Eckstein-Kollegen-Karriere-3-768x894.jpg 768w\" sizes=\"(max-width: 930px) 100vw, 930px\" \/><\/figure>\n<\/div>\n<\/div><div class=\"swiper-pagination\"><\/div><\/div><\/div>\n<\/div>\n\n\n\n<div class=\"wp-block-column is-layout-flow wp-block-column-is-layout-flow\">\n<div class=\"wp-block-bb-header has-position-right\"><div class=\"wp-block-bb-header--inner\">\n<h2 class=\"wp-block-heading\">Career<\/h2>\n\n\n\n<p><\/p>\n<\/div><\/div>\n\n\n\n<div class=\"wp-block-group has-white-background-color has-background is-layout-constrained wp-block-group-is-layout-constrained\">\n<p><mark style=\"background-color:rgba(0, 0, 0, 0)\" class=\"has-inline-color has-black-color\">Wir sind eine ausschlie\u00dflich auf das Strafrecht spezialisierte Kanzlei im Herzen M\u00fcnchens und insbesondere im Wirtschafts- und Steuerstrafrecht bundesweit und international t\u00e4tig<\/mark>. <br><br>Zur Unterst\u00fctzung unseres Teams in M\u00fcnchen suchen wir ab sofort eine\/n<strong> STUDENTISCHE HILFSKRAFT<\/strong>.<br><br><strong>IHRE AUFGABEN<\/strong><\/p>\n\n\n\n<ul class=\"wp-block-list\">\n<li>Empfang und Bewirtung der Mandanten<\/li>\n\n\n\n<li>Unterst\u00fctzung des Sekretariats<\/li>\n\n\n\n<li>Bearbeitung von Kopier- und Scanauftr\u00e4gen<\/li>\n\n\n\n<li>Einsortieren von Erg\u00e4nzungslieferungen in der Bibliothek<\/li>\n\n\n\n<li>Boteng\u00e4nge<\/li>\n<\/ul>\n\n\n\n<p><strong>IHR PROFIL<\/strong><\/p>\n\n\n\n<ul class=\"wp-block-list\">\n<li>Zuverl\u00e4ssigkeit, genaues Arbeiten, Verantwortungsbewusstsein<\/li>\n\n\n\n<li>Verschwiegenheit<\/li>\n\n\n\n<li>Sehr gute Umgangsformen<\/li>\n\n\n\n<li>Sehr gute Deutschkenntnisse<\/li>\n\n\n\n<li>Gute Englischkenntnisse<\/li>\n\n\n\n<li>Gute MS-Office-Kenntnisse (Word, Excel)<\/li>\n\n\n\n<li>Strukturiere Arbeitsweise<\/li>\n\n\n\n<li>Flexibilit\u00e4t<\/li>\n<\/ul>\n\n\n\n<p><strong>WIR BIETEN<\/strong><\/p>\n\n\n\n<ul class=\"wp-block-list\">\n<li>Angenehme Arbeitsatmosph\u00e4re<\/li>\n\n\n\n<li>Leistungsgerechte Bezahlung<\/li>\n\n\n\n<li>Modernste B\u00fcroausstattung<\/li>\n\n\n\n<li>Leichte Erreichbarkeit der Kanzlei mit U4 und U5 (Haltestelle Theresienwiese)<\/li>\n<\/ul>\n\n\n\n<p>Bei Interesse freuen wir uns auf Ihre aussagekr\u00e4ftige Bewerbung unter Angabe Ihres fr\u00fchestm\u00f6glichen Eintrittstermins, bevorzugt per E-Mail: <a rel=\"noreferrer noopener\" href=\"mailto:bewerbung@eckstein-kollegen.de\" target=\"_blank\">bewerbung@eckstein-kollegen.de<\/a><\/p>\n<\/div>\n<\/div>\n<\/div>\n","protected":false},"excerpt":{"rendered":"<p>Wir sind eine ausschlie\u00dflich auf das Strafrecht spezialisierte Kanzlei im Herzen M\u00fcnchens und insbesondere im Wirtschafts- und Steuerstrafrecht bundesweit und international t\u00e4tig. Zur Unterst\u00fctzung unseres Teams in M\u00fcnchen suchen wir ab sofort eine\/n STUDENTISCHE HILFSKRAFT. IHRE AUFGABEN IHR PROFIL WIR BIETEN Bei Interesse freuen wir uns auf Ihre aussagekr\u00e4ftige Bewerbung unter Angabe Ihres fr\u00fchestm\u00f6glichen Eintrittstermins, &hellip; <a href=\"https:\/\/www.eckstein-kollegen.de\/en\/career\/\">Read on<\/a><\/p>\n","protected":false},"author":2,"featured_media":0,"parent":0,"menu_order":21,"comment_status":"closed","ping_status":"closed","template":"page-title.blade.php","meta":{"footnotes":""},"class_list":["post-1070","page","type-page","status-publish","hentry"],"acf":[],"_links":{"self":[{"href":"https:\/\/www.eckstein-kollegen.de\/en\/wp-json\/wp\/v2\/pages\/1070","targetHints":{"allow":["GET"]}}],"collection":[{"href":"https:\/\/www.eckstein-kollegen.de\/en\/wp-json\/wp\/v2\/pages"}],"about":[{"href":"https:\/\/www.eckstein-kollegen.de\/en\/wp-json\/wp\/v2\/types\/page"}],"author":[{"embeddable":true,"href":"https:\/\/www.eckstein-kollegen.de\/en\/wp-json\/wp\/v2\/users\/2"}],"replies":[{"embeddable":true,"href":"https:\/\/www.eckstein-kollegen.de\/en\/wp-json\/wp\/v2\/comments?post=1070"}],"version-history":[{"count":3,"href":"https:\/\/www.eckstein-kollegen.de\/en\/wp-json\/wp\/v2\/pages\/1070\/revisions"}],"predecessor-version":[{"id":1336,"href":"https:\/\/www.eckstein-kollegen.de\/en\/wp-json\/wp\/v2\/pages\/1070\/revisions\/1336"}],"wp:attachment":[{"href":"https:\/\/www.eckstein-kollegen.de\/en\/wp-json\/wp\/v2\/media?parent=1070"}],"curies":[{"name":"wp","href":"https:\/\/api.w.org\/{rel}","templated":true}]}}